{"id":3757,"date":"2023-09-20T21:02:07","date_gmt":"2023-09-20T19:02:07","guid":{"rendered":"https:\/\/carasman.com\/?page_id=3757"},"modified":"2024-12-23T14:52:03","modified_gmt":"2024-12-23T13:52:03","slug":"alcoholic-beverages","status":"publish","type":"page","link":"https:\/\/carasman.com\/en\/alcoholic-beverages\/","title":{"rendered":"alcoholic beverages"},"content":{"rendered":"<div data-elementor-type=\"wp-page\" data-elementor-id=\"3757\" class=\"elementor elementor-3757\" data-elementor-post-type=\"page\">\n\t\t\t\t\t\t<section class=\"elementor-section elementor-top-section elementor-element elementor-element-c087a9d elementor-section-full_width elementor-section-height-min-height elementor-section-height-default elementor-section-items-middle\" data-id=\"c087a9d\" data-element_type=\"section\" data-e-type=\"section\" data-settings=\"{&quot;background_background&quot;:&quot;classic&quot;}\">\n\t\t\t\t\t\t\t<div class=\"elementor-background-overlay\"><\/div>\n\t\t\t\t\t\t\t<div class=\"elementor-container elementor-column-gap-default\">\n\t\t\t\t\t<div class=\"elementor-column elementor-col-100 elementor-top-column elementor-element elementor-element-3fb4190\" data-id=\"3fb4190\" data-element_type=\"column\" data-e-type=\"column\">\n\t\t\t<div class=\"elementor-widget-wrap elementor-element-populated\">\n\t\t\t\t\t\t<div class=\"elementor-element elementor-element-c2a477a elementor-widget elementor-widget-heading\" data-id=\"c2a477a\" data-element_type=\"widget\" data-e-type=\"widget\" data-widget_type=\"heading.default\">\n\t\t\t\t<div class=\"elementor-widget-container\">\n\t\t\t\t\t<h1 class=\"elementor-heading-title elementor-size-default\">Alcoholic Beverages Carasman<\/h1>\t\t\t\t<\/div>\n\t\t\t\t<\/div>\n\t\t\t\t\t<\/div>\n\t\t<\/div>\n\t\t\t\t\t<\/div>\n\t\t<\/section>\n\t\t\t\t<section class=\"elementor-section elementor-top-section elementor-element elementor-element-11914ac elementor-section-boxed elementor-section-height-default elementor-section-height-default\" data-id=\"11914ac\" data-element_type=\"section\" data-e-type=\"section\">\n\t\t\t\t\t\t<div class=\"elementor-container elementor-column-gap-default\">\n\t\t\t\t\t<div class=\"elementor-column elementor-col-100 elementor-top-column elementor-element elementor-element-66fb147\" data-id=\"66fb147\" data-element_type=\"column\" data-e-type=\"column\">\n\t\t\t<div class=\"elementor-widget-wrap elementor-element-populated\">\n\t\t\t\t\t\t<div class=\"elementor-element elementor-element-f8b3001 elementor-widget elementor-widget-text-editor\" data-id=\"f8b3001\" data-element_type=\"widget\" data-e-type=\"widget\" data-widget_type=\"text-editor.default\">\n\t\t\t\t<div class=\"elementor-widget-container\">\n\t\t\t\t\t\t\t\t\t<h4>Botanical blessing with cannabis terpenes\u00a0<\/h4><p>Gin (from the English gin, but actually from the Dutch genever: pine), is a strong alcoholic drink with a minimum 40% alcohol content. It is obtained by distilling alcohol-preheated grain or molasses, seasoned with various selected botanical spices with a necessarily predominant aroma of pine. Common pine Juniperus communis, in the form of a bristly bush, grows in hilly and mountainous areas, and its healing properties have been known to us since ancient times.<\/p><p>Gin is most often drunk in cocktails, with tonic. The version with tonic \u2013 popular <a href=\"https:\/\/hr.wikipedia.org\/wiki\/D%C5%BEin-tonik\" target=\"_blank\" rel=\"noopener\">G&amp;T<\/a> Gin is most often drunk in cocktails, with tonic. Tonic version - the popular G&amp;T was once created in British tropical colonies out of necessity, as gin served well to mask the unpleasantly bitter taste of quinine, which was the only effective anti-malarial agent. This mostly transparent drink, with a discreet taste, is a very grateful base for additional creative endeavors. A drink of a certain flavor becomes the basis for creating new interesting upgrades, depending on the wishes of those who consume it.<\/p><p>Apart from the usual holy trinity \u2013 pine, coriander and angelica, we often come across citrus and floral notes, cinnamon, cardamom, cucumber or lavender.\u00a0<\/p><h4>Alcoholic Beverages Carasman<\/h4><p class=\"translation-block\">Carasman decided to take its range of gins a few steps further than the conventional product. Terpenes of proven and high-quality marijuana strains were added to the basic preparation (macerate) of as many as 16 different botanical supplements, which will serve as a basis for the introduction of a completely new medium with additional effects to achieve an incredible and mutually complementary effect. The added ingredients are previously stripped of all cannabinoids, so that users are not in any potential danger of feeling any other intoxication besides alcohol.<\/p><p><strong><a href=\"https:\/\/carasman.com\/en\/terpenes\/\">Here<\/a> <\/strong>you can find out more about terpenes<\/p>\t\t\t\t\t\t\t\t<\/div>\n\t\t\t\t<\/div>\n\t\t\t\t<div class=\"elementor-element elementor-element-fc6bb24 elementor-grid-3 elementor-grid-tablet-2 elementor-grid-mobile-1 elementor-products-grid elementor-wc-products elementor-widget elementor-widget-woocommerce-products\" data-id=\"fc6bb24\" data-element_type=\"widget\" data-e-type=\"widget\" data-widget_type=\"woocommerce-products.default\">\n\t\t\t\t<div class=\"elementor-widget-container\">\n\t\t\t\t\t<div class=\"woocommerce columns-3\"><ul class=\"products elementor-grid columns-3\">\n<li class=\"product type-product post-4460 status-publish first instock product_cat-alkoholna-pica has-post-thumbnail taxable shipping-taxable purchasable product-type-variable has-default-attributes\">\n\t<a href=\"https:\/\/carasman.com\/en\/product\/pelinkovac\/\" class=\"woocommerce-LoopProduct-link woocommerce-loop-product__link\"><img fetchpriority=\"high\" decoding=\"async\" width=\"400\" height=\"400\" src=\"https:\/\/carasman.com\/wp-content\/uploads\/2024\/12\/Pelinkovac-400x400.webp\" class=\"attachment-woocommerce_thumbnail size-woocommerce_thumbnail\" alt=\"Herbal Liqueur+\" srcset=\"https:\/\/carasman.com\/wp-content\/uploads\/2024\/12\/Pelinkovac-400x400.webp 400w, https:\/\/carasman.com\/wp-content\/uploads\/2024\/12\/Pelinkovac-500x500.webp 500w, https:\/\/carasman.com\/wp-content\/uploads\/2024\/12\/Pelinkovac-768x768.webp 768w, https:\/\/carasman.com\/wp-content\/uploads\/2024\/12\/Pelinkovac-12x12.webp 12w, https:\/\/carasman.com\/wp-content\/uploads\/2024\/12\/Pelinkovac-100x100.webp 100w, https:\/\/carasman.com\/wp-content\/uploads\/2024\/12\/Pelinkovac.webp 800w\" sizes=\"(max-width: 400px) 100vw, 400px\" \/><h2 class=\"woocommerce-loop-product__title\">Herbal Liqueur+<\/h2>\n\t<span class=\"price\"><span class=\"woocommerce-Price-amount amount\" aria-hidden=\"true\"><bdi>20,00&nbsp;<span class=\"woocommerce-Price-currencySymbol\">&euro;<\/span><\/bdi><\/span> <span aria-hidden=\"true\">&ndash;<\/span> <span class=\"woocommerce-Price-amount amount\" aria-hidden=\"true\"><bdi>60,00&nbsp;<span class=\"woocommerce-Price-currencySymbol\">&euro;<\/span><\/bdi><\/span><span class=\"screen-reader-text\" data-no-translation=\"\" data-trp-gettext=\"\">Price range: 20,00&nbsp;&euro; through 60,00&nbsp;&euro;<\/span> <small class=\"woocommerce-price-suffix\">- Tax included<\/small><\/span>\n<\/a><a href=\"https:\/\/carasman.com\/en\/product\/pelinkovac\/\" aria-describedby=\"woocommerce_loop_add_to_cart_link_describedby_4460\" data-quantity=\"1\" class=\"button product_type_variable add_to_cart_button\" data-product_id=\"4460\" data-product_sku=\"\" aria-label=\"Select options for \u201cPelinkovac+\u201d\" rel=\"nofollow\" data-no-translation=\"\" data-trp-gettext=\"\" data-no-translation-aria-label=\"\">Select options<\/a>\t<span id=\"woocommerce_loop_add_to_cart_link_describedby_4460\" class=\"screen-reader-text\">\n\t\tThis product has multiple variants. The options may be chosen on the product page\t<\/span>\n<\/li>\n<li class=\"product type-product post-4374 status-publish instock product_cat-poklon-paketi has-post-thumbnail taxable shipping-taxable purchasable product-type-variable\">\n\t<a href=\"https:\/\/carasman.com\/en\/product\/elegant-choco-box\/\" class=\"woocommerce-LoopProduct-link woocommerce-loop-product__link\"><img decoding=\"async\" width=\"400\" height=\"400\" src=\"https:\/\/carasman.com\/wp-content\/uploads\/2024\/11\/10k-choco-400x400.webp\" class=\"attachment-woocommerce_thumbnail size-woocommerce_thumbnail\" alt=\"Elegant Choco Box 10k choco\" srcset=\"https:\/\/carasman.com\/wp-content\/uploads\/2024\/11\/10k-choco-400x400.webp 400w, https:\/\/carasman.com\/wp-content\/uploads\/2024\/11\/10k-choco-500x500.webp 500w, https:\/\/carasman.com\/wp-content\/uploads\/2024\/11\/10k-choco-768x768.webp 768w, https:\/\/carasman.com\/wp-content\/uploads\/2024\/11\/10k-choco-12x12.webp 12w, https:\/\/carasman.com\/wp-content\/uploads\/2024\/11\/10k-choco-100x100.webp 100w, https:\/\/carasman.com\/wp-content\/uploads\/2024\/11\/10k-choco.webp 800w\" sizes=\"(max-width: 400px) 100vw, 400px\" \/><h2 class=\"woocommerce-loop-product__title\">Elegant Choco Box<\/h2>\n\t<span class=\"price\"><span class=\"woocommerce-Price-amount amount\"><bdi>87,00&nbsp;<span class=\"woocommerce-Price-currencySymbol\">\u20ac<\/span><\/bdi><\/span> <small class=\"woocommerce-price-suffix\">- Tax included<\/small><\/span>\n<\/a><a href=\"https:\/\/carasman.com\/en\/product\/elegant-choco-box\/\" aria-describedby=\"woocommerce_loop_add_to_cart_link_describedby_4374\" data-quantity=\"1\" class=\"button product_type_variable add_to_cart_button\" data-product_id=\"4374\" data-product_sku=\"\" aria-label=\"Select options for \u201cElegant Choco Box\u201d\" rel=\"nofollow\" data-no-translation=\"\" data-trp-gettext=\"\" data-no-translation-aria-label=\"\">Select options<\/a>\t<span id=\"woocommerce_loop_add_to_cart_link_describedby_4374\" class=\"screen-reader-text\">\n\t\tThis product has multiple variants. The options may be chosen on the product page\t<\/span>\n<\/li>\n<li class=\"product type-product post-4357 status-publish last instock product_cat-poklon-paketi has-post-thumbnail taxable shipping-taxable purchasable product-type-variable has-default-attributes\">\n\t<a href=\"https:\/\/carasman.com\/en\/product\/elegant-cigar-box\/\" class=\"woocommerce-LoopProduct-link woocommerce-loop-product__link\"><img decoding=\"async\" width=\"400\" height=\"400\" src=\"https:\/\/carasman.com\/wp-content\/uploads\/2024\/11\/Blueberry-kush-Oliva-400x400.webp\" class=\"attachment-woocommerce_thumbnail size-woocommerce_thumbnail\" alt=\"elegant cigar box\" srcset=\"https:\/\/carasman.com\/wp-content\/uploads\/2024\/11\/Blueberry-kush-Oliva-400x400.webp 400w, https:\/\/carasman.com\/wp-content\/uploads\/2024\/11\/Blueberry-kush-Oliva-500x500.webp 500w, https:\/\/carasman.com\/wp-content\/uploads\/2024\/11\/Blueberry-kush-Oliva-768x768.webp 768w, https:\/\/carasman.com\/wp-content\/uploads\/2024\/11\/Blueberry-kush-Oliva-12x12.webp 12w, https:\/\/carasman.com\/wp-content\/uploads\/2024\/11\/Blueberry-kush-Oliva-100x100.webp 100w, https:\/\/carasman.com\/wp-content\/uploads\/2024\/11\/Blueberry-kush-Oliva.webp 800w\" sizes=\"(max-width: 400px) 100vw, 400px\" \/><h2 class=\"woocommerce-loop-product__title\">Elegant Cigar Box<\/h2>\n\t<span class=\"price\"><span class=\"woocommerce-Price-amount amount\" aria-hidden=\"true\"><bdi>91,00&nbsp;<span class=\"woocommerce-Price-currencySymbol\">&euro;<\/span><\/bdi><\/span> <span aria-hidden=\"true\">&ndash;<\/span> <span class=\"woocommerce-Price-amount amount\" aria-hidden=\"true\"><bdi>93,00&nbsp;<span class=\"woocommerce-Price-currencySymbol\">&euro;<\/span><\/bdi><\/span><span class=\"screen-reader-text\" data-no-translation=\"\" data-trp-gettext=\"\">Price range: 91,00&nbsp;&euro; through 93,00&nbsp;&euro;<\/span> <small class=\"woocommerce-price-suffix\">- Tax included<\/small><\/span>\n<\/a><a href=\"https:\/\/carasman.com\/en\/product\/elegant-cigar-box\/\" aria-describedby=\"woocommerce_loop_add_to_cart_link_describedby_4357\" data-quantity=\"1\" class=\"button product_type_variable add_to_cart_button\" data-product_id=\"4357\" data-product_sku=\"\" aria-label=\"Select options for \u201cElegant Cigar Box\u201d\" rel=\"nofollow\" data-no-translation=\"\" data-trp-gettext=\"\" data-no-translation-aria-label=\"\">Select options<\/a>\t<span id=\"woocommerce_loop_add_to_cart_link_describedby_4357\" class=\"screen-reader-text\">\n\t\tThis product has multiple variants. The options may be chosen on the product page\t<\/span>\n<\/li>\n<li class=\"product type-product post-3793 status-publish first instock product_cat-alkoholna-pica has-post-thumbnail taxable shipping-taxable purchasable product-type-variable has-default-attributes\">\n\t<a href=\"https:\/\/carasman.com\/en\/product\/terranino\/\" class=\"woocommerce-LoopProduct-link woocommerce-loop-product__link\"><img loading=\"lazy\" decoding=\"async\" width=\"400\" height=\"400\" src=\"https:\/\/carasman.com\/wp-content\/uploads\/2023\/09\/Terranino-400x400.webp\" class=\"attachment-woocommerce_thumbnail size-woocommerce_thumbnail\" alt=\"Terranino+\" srcset=\"https:\/\/carasman.com\/wp-content\/uploads\/2023\/09\/Terranino-400x400.webp 400w, https:\/\/carasman.com\/wp-content\/uploads\/2023\/09\/Terranino-500x500.webp 500w, https:\/\/carasman.com\/wp-content\/uploads\/2023\/09\/Terranino-768x768.webp 768w, https:\/\/carasman.com\/wp-content\/uploads\/2023\/09\/Terranino-12x12.webp 12w, https:\/\/carasman.com\/wp-content\/uploads\/2023\/09\/Terranino-100x100.webp 100w, https:\/\/carasman.com\/wp-content\/uploads\/2023\/09\/Terranino.webp 800w\" sizes=\"(max-width: 400px) 100vw, 400px\" \/><h2 class=\"woocommerce-loop-product__title\">Terranino+<\/h2>\n\t<span class=\"price\"><span class=\"woocommerce-Price-amount amount\" aria-hidden=\"true\"><bdi>20,00&nbsp;<span class=\"woocommerce-Price-currencySymbol\">&euro;<\/span><\/bdi><\/span> <span aria-hidden=\"true\">&ndash;<\/span> <span class=\"woocommerce-Price-amount amount\" aria-hidden=\"true\"><bdi>65,00&nbsp;<span class=\"woocommerce-Price-currencySymbol\">&euro;<\/span><\/bdi><\/span><span class=\"screen-reader-text\" data-no-translation=\"\" data-trp-gettext=\"\">Price range: 20,00&nbsp;&euro; through 65,00&nbsp;&euro;<\/span> <small class=\"woocommerce-price-suffix\">- Tax included<\/small><\/span>\n<\/a><a href=\"https:\/\/carasman.com\/en\/product\/terranino\/\" aria-describedby=\"woocommerce_loop_add_to_cart_link_describedby_3793\" data-quantity=\"1\" class=\"button product_type_variable add_to_cart_button\" data-product_id=\"3793\" data-product_sku=\"\" aria-label=\"Select options for \u201cTerranino+\u201d\" rel=\"nofollow\" data-no-translation=\"\" data-trp-gettext=\"\" data-no-translation-aria-label=\"\">Select options<\/a>\t<span id=\"woocommerce_loop_add_to_cart_link_describedby_3793\" class=\"screen-reader-text\">\n\t\tThis product has multiple variants. The options may be chosen on the product page\t<\/span>\n<\/li>\n<li class=\"product type-product post-3790 status-publish instock product_cat-alkoholna-pica has-post-thumbnail taxable shipping-taxable purchasable product-type-variable has-default-attributes\">\n\t<a href=\"https:\/\/carasman.com\/en\/product\/jack-herer-dry-gin\/\" class=\"woocommerce-LoopProduct-link woocommerce-loop-product__link\"><img loading=\"lazy\" decoding=\"async\" width=\"400\" height=\"400\" src=\"https:\/\/carasman.com\/wp-content\/uploads\/2023\/09\/Jack-Herer-dry-gin-400x400.webp\" class=\"attachment-woocommerce_thumbnail size-woocommerce_thumbnail\" alt=\"Jack Herer dry gin\" srcset=\"https:\/\/carasman.com\/wp-content\/uploads\/2023\/09\/Jack-Herer-dry-gin-400x400.webp 400w, https:\/\/carasman.com\/wp-content\/uploads\/2023\/09\/Jack-Herer-dry-gin-500x500.webp 500w, https:\/\/carasman.com\/wp-content\/uploads\/2023\/09\/Jack-Herer-dry-gin-768x768.webp 768w, https:\/\/carasman.com\/wp-content\/uploads\/2023\/09\/Jack-Herer-dry-gin-12x12.webp 12w, https:\/\/carasman.com\/wp-content\/uploads\/2023\/09\/Jack-Herer-dry-gin-100x100.webp 100w, https:\/\/carasman.com\/wp-content\/uploads\/2023\/09\/Jack-Herer-dry-gin.webp 800w\" sizes=\"(max-width: 400px) 100vw, 400px\" \/><h2 class=\"woocommerce-loop-product__title\">Jack Herer dry gin<\/h2>\n\t<span class=\"price\"><span class=\"woocommerce-Price-amount amount\" aria-hidden=\"true\"><bdi>20,00&nbsp;<span class=\"woocommerce-Price-currencySymbol\">&euro;<\/span><\/bdi><\/span> <span aria-hidden=\"true\">&ndash;<\/span> <span class=\"woocommerce-Price-amount amount\" aria-hidden=\"true\"><bdi>65,00&nbsp;<span class=\"woocommerce-Price-currencySymbol\">&euro;<\/span><\/bdi><\/span><span class=\"screen-reader-text\" data-no-translation=\"\" data-trp-gettext=\"\">Price range: 20,00&nbsp;&euro; through 65,00&nbsp;&euro;<\/span> <small class=\"woocommerce-price-suffix\">- Tax included<\/small><\/span>\n<\/a><a href=\"https:\/\/carasman.com\/en\/product\/jack-herer-dry-gin\/\" aria-describedby=\"woocommerce_loop_add_to_cart_link_describedby_3790\" data-quantity=\"1\" class=\"button product_type_variable add_to_cart_button\" data-product_id=\"3790\" data-product_sku=\"\" aria-label=\"Select options for \u201cJack Herer dry gin\u201d\" rel=\"nofollow\" data-no-translation=\"\" data-trp-gettext=\"\" data-no-translation-aria-label=\"\">Select options<\/a>\t<span id=\"woocommerce_loop_add_to_cart_link_describedby_3790\" class=\"screen-reader-text\">\n\t\tThis product has multiple variants. The options may be chosen on the product page\t<\/span>\n<\/li>\n<li class=\"product type-product post-3787 status-publish last instock product_cat-alkoholna-pica has-post-thumbnail taxable shipping-taxable purchasable product-type-variable has-default-attributes\">\n\t<a href=\"https:\/\/carasman.com\/en\/product\/orange-turbo-dry-gin\/\" class=\"woocommerce-LoopProduct-link woocommerce-loop-product__link\"><img loading=\"lazy\" decoding=\"async\" width=\"400\" height=\"400\" src=\"https:\/\/carasman.com\/wp-content\/uploads\/2023\/09\/Orange-Turbo-dry-gin-400x400.webp\" class=\"attachment-woocommerce_thumbnail size-woocommerce_thumbnail\" alt=\"Orange Turbo dry gin\" srcset=\"https:\/\/carasman.com\/wp-content\/uploads\/2023\/09\/Orange-Turbo-dry-gin-400x400.webp 400w, https:\/\/carasman.com\/wp-content\/uploads\/2023\/09\/Orange-Turbo-dry-gin-500x500.webp 500w, https:\/\/carasman.com\/wp-content\/uploads\/2023\/09\/Orange-Turbo-dry-gin-768x768.webp 768w, https:\/\/carasman.com\/wp-content\/uploads\/2023\/09\/Orange-Turbo-dry-gin-12x12.webp 12w, https:\/\/carasman.com\/wp-content\/uploads\/2023\/09\/Orange-Turbo-dry-gin-100x100.webp 100w, https:\/\/carasman.com\/wp-content\/uploads\/2023\/09\/Orange-Turbo-dry-gin.webp 800w\" sizes=\"(max-width: 400px) 100vw, 400px\" \/><h2 class=\"woocommerce-loop-product__title\">Orange Turbo dry gin<\/h2>\n\t<span class=\"price\"><span class=\"woocommerce-Price-amount amount\" aria-hidden=\"true\"><bdi>20,00&nbsp;<span class=\"woocommerce-Price-currencySymbol\">&euro;<\/span><\/bdi><\/span> <span aria-hidden=\"true\">&ndash;<\/span> <span class=\"woocommerce-Price-amount amount\" aria-hidden=\"true\"><bdi>65,00&nbsp;<span class=\"woocommerce-Price-currencySymbol\">&euro;<\/span><\/bdi><\/span><span class=\"screen-reader-text\" data-no-translation=\"\" data-trp-gettext=\"\">Price range: 20,00&nbsp;&euro; through 65,00&nbsp;&euro;<\/span> <small class=\"woocommerce-price-suffix\">- Tax included<\/small><\/span>\n<\/a><a href=\"https:\/\/carasman.com\/en\/product\/orange-turbo-dry-gin\/\" aria-describedby=\"woocommerce_loop_add_to_cart_link_describedby_3787\" data-quantity=\"1\" class=\"button product_type_variable add_to_cart_button\" data-product_id=\"3787\" data-product_sku=\"\" aria-label=\"Select options for \u201cOrange Turbo dry gin\u201d\" rel=\"nofollow\" data-no-translation=\"\" data-trp-gettext=\"\" data-no-translation-aria-label=\"\">Select options<\/a>\t<span id=\"woocommerce_loop_add_to_cart_link_describedby_3787\" class=\"screen-reader-text\">\n\t\tThis product has multiple variants. The options may be chosen on the product page\t<\/span>\n<\/li>\n<li class=\"product type-product post-3776 status-publish first instock product_cat-alkoholna-pica has-post-thumbnail taxable shipping-taxable purchasable product-type-variable has-default-attributes\">\n\t<a href=\"https:\/\/carasman.com\/en\/product\/10k-jack-sloe-gin\/\" class=\"woocommerce-LoopProduct-link woocommerce-loop-product__link\"><img loading=\"lazy\" decoding=\"async\" width=\"400\" height=\"400\" src=\"https:\/\/carasman.com\/wp-content\/uploads\/2023\/09\/10k-Jack-dry-gin-400x400.webp\" class=\"attachment-woocommerce_thumbnail size-woocommerce_thumbnail\" alt=\"10k Jack sloe gin\" srcset=\"https:\/\/carasman.com\/wp-content\/uploads\/2023\/09\/10k-Jack-dry-gin-400x400.webp 400w, https:\/\/carasman.com\/wp-content\/uploads\/2023\/09\/10k-Jack-dry-gin-500x500.webp 500w, https:\/\/carasman.com\/wp-content\/uploads\/2023\/09\/10k-Jack-dry-gin-768x768.webp 768w, https:\/\/carasman.com\/wp-content\/uploads\/2023\/09\/10k-Jack-dry-gin-12x12.webp 12w, https:\/\/carasman.com\/wp-content\/uploads\/2023\/09\/10k-Jack-dry-gin-100x100.webp 100w, https:\/\/carasman.com\/wp-content\/uploads\/2023\/09\/10k-Jack-dry-gin.webp 800w\" sizes=\"(max-width: 400px) 100vw, 400px\" \/><h2 class=\"woocommerce-loop-product__title\">10K Jack sloe gin<\/h2>\n\t<span class=\"price\"><span class=\"woocommerce-Price-amount amount\" aria-hidden=\"true\"><bdi>20,00&nbsp;<span class=\"woocommerce-Price-currencySymbol\">&euro;<\/span><\/bdi><\/span> <span aria-hidden=\"true\">&ndash;<\/span> <span class=\"woocommerce-Price-amount amount\" aria-hidden=\"true\"><bdi>65,00&nbsp;<span class=\"woocommerce-Price-currencySymbol\">&euro;<\/span><\/bdi><\/span><span class=\"screen-reader-text\" data-no-translation=\"\" data-trp-gettext=\"\">Price range: 20,00&nbsp;&euro; through 65,00&nbsp;&euro;<\/span> <small class=\"woocommerce-price-suffix\">- Tax included<\/small><\/span>\n<\/a><a href=\"https:\/\/carasman.com\/en\/product\/10k-jack-sloe-gin\/\" aria-describedby=\"woocommerce_loop_add_to_cart_link_describedby_3776\" data-quantity=\"1\" class=\"button product_type_variable add_to_cart_button\" data-product_id=\"3776\" data-product_sku=\"\" aria-label=\"Select options for \u201c10K Jack sloe gin\u201d\" rel=\"nofollow\" data-no-translation=\"\" data-trp-gettext=\"\" data-no-translation-aria-label=\"\">Select options<\/a>\t<span id=\"woocommerce_loop_add_to_cart_link_describedby_3776\" class=\"screen-reader-text\">\n\t\tThis product has multiple variants. The options may be chosen on the product page\t<\/span>\n<\/li>\n<li class=\"product type-product post-3685 status-publish instock product_cat-alkoholna-pica has-post-thumbnail taxable shipping-taxable purchasable product-type-variable has-default-attributes\">\n\t<a href=\"https:\/\/carasman.com\/en\/product\/blueberry-kush-dry-gin\/\" class=\"woocommerce-LoopProduct-link woocommerce-loop-product__link\"><img loading=\"lazy\" decoding=\"async\" width=\"400\" height=\"400\" src=\"https:\/\/carasman.com\/wp-content\/uploads\/2023\/09\/Blueberry-kush-dry-gin-400x400.webp\" class=\"attachment-woocommerce_thumbnail size-woocommerce_thumbnail\" alt=\"Blueberry kush dry gin\" srcset=\"https:\/\/carasman.com\/wp-content\/uploads\/2023\/09\/Blueberry-kush-dry-gin-400x400.webp 400w, https:\/\/carasman.com\/wp-content\/uploads\/2023\/09\/Blueberry-kush-dry-gin-500x500.webp 500w, https:\/\/carasman.com\/wp-content\/uploads\/2023\/09\/Blueberry-kush-dry-gin-768x768.webp 768w, https:\/\/carasman.com\/wp-content\/uploads\/2023\/09\/Blueberry-kush-dry-gin-12x12.webp 12w, https:\/\/carasman.com\/wp-content\/uploads\/2023\/09\/Blueberry-kush-dry-gin-100x100.webp 100w, https:\/\/carasman.com\/wp-content\/uploads\/2023\/09\/Blueberry-kush-dry-gin.webp 800w\" sizes=\"(max-width: 400px) 100vw, 400px\" \/><h2 class=\"woocommerce-loop-product__title\">Blueberry kush dry gin<\/h2>\n\t<span class=\"price\"><span class=\"woocommerce-Price-amount amount\" aria-hidden=\"true\"><bdi>20,00&nbsp;<span class=\"woocommerce-Price-currencySymbol\">&euro;<\/span><\/bdi><\/span> <span aria-hidden=\"true\">&ndash;<\/span> <span class=\"woocommerce-Price-amount amount\" aria-hidden=\"true\"><bdi>65,00&nbsp;<span class=\"woocommerce-Price-currencySymbol\">&euro;<\/span><\/bdi><\/span><span class=\"screen-reader-text\" data-no-translation=\"\" data-trp-gettext=\"\">Price range: 20,00&nbsp;&euro; through 65,00&nbsp;&euro;<\/span> <small class=\"woocommerce-price-suffix\">- Tax included<\/small><\/span>\n<\/a><a href=\"https:\/\/carasman.com\/en\/product\/blueberry-kush-dry-gin\/\" aria-describedby=\"woocommerce_loop_add_to_cart_link_describedby_3685\" data-quantity=\"1\" class=\"button product_type_variable add_to_cart_button\" data-product_id=\"3685\" data-product_sku=\"\" aria-label=\"Select options for \u201cBlueberry kush dry gin\u201d\" rel=\"nofollow\" data-no-translation=\"\" data-trp-gettext=\"\" data-no-translation-aria-label=\"\">Select options<\/a>\t<span id=\"woocommerce_loop_add_to_cart_link_describedby_3685\" class=\"screen-reader-text\">\n\t\tThis product has multiple variants. The options may be chosen on the product page\t<\/span>\n<\/li>\n<\/ul>\n<\/div>\t\t\t\t<\/div>\n\t\t\t\t<\/div>\n\t\t\t\t\t<\/div>\n\t\t<\/div>\n\t\t\t\t\t<\/div>\n\t\t<\/section>\n\t\t\t\t<\/div>","protected":false},"excerpt":{"rendered":"<p>Alkoholna PI\u0106A Carasman Botani\u010dki blagoslov sa terpenima kanabisa\u00a0 D\u017ein, (od engleskog gin, a zapravo prema nizozemskom genever: borovica), jako je alkoholno pi\u0107e s minimalno 40% alkoholnog udjela. Dobiva se destilacijom alkoholno prevreloga \u017eitnog ili melasnoga\u00a0koma, za\u010dinjenog razli\u010ditim probranim botani\u010dkim za\u010dinima s nu\u017enom prevladavaju\u0107om aromom po\u00a0borovici. Obi\u010dna borovica Juniperus communis, u obli\u010dju \u010detinastog grma, raste na [&hellip;]<\/p>","protected":false},"author":1,"featured_media":3704,"parent":0,"menu_order":0,"comment_status":"closed","ping_status":"closed","template":"","meta":{"footnotes":""},"class_list":["post-3757","page","type-page","status-publish","has-post-thumbnail","hentry"],"_links":{"self":[{"href":"https:\/\/carasman.com\/en\/wp-json\/wp\/v2\/pages\/3757","targetHints":{"allow":["GET"]}}],"collection":[{"href":"https:\/\/carasman.com\/en\/wp-json\/wp\/v2\/pages"}],"about":[{"href":"https:\/\/carasman.com\/en\/wp-json\/wp\/v2\/types\/page"}],"author":[{"embeddable":true,"href":"https:\/\/carasman.com\/en\/wp-json\/wp\/v2\/users\/1"}],"replies":[{"embeddable":true,"href":"https:\/\/carasman.com\/en\/wp-json\/wp\/v2\/comments?post=3757"}],"version-history":[{"count":99,"href":"https:\/\/carasman.com\/en\/wp-json\/wp\/v2\/pages\/3757\/revisions"}],"predecessor-version":[{"id":4673,"href":"https:\/\/carasman.com\/en\/wp-json\/wp\/v2\/pages\/3757\/revisions\/4673"}],"wp:featuredmedia":[{"embeddable":true,"href":"https:\/\/carasman.com\/en\/wp-json\/wp\/v2\/media\/3704"}],"wp:attachment":[{"href":"https:\/\/carasman.com\/en\/wp-json\/wp\/v2\/media?parent=3757"}],"curies":[{"name":"wp","href":"https:\/\/api.w.org\/{rel}","templated":true}]}}